{"id":477,"date":"2024-06-23T12:43:51","date_gmt":"2024-06-23T10:43:51","guid":{"rendered":"https:\/\/agranata.corsica\/?page_id=477"},"modified":"2025-12-18T11:05:27","modified_gmt":"2025-12-18T10:05:27","slug":"commander-en-ligne","status":"publish","type":"page","link":"https:\/\/agranata.corsica\/index.php\/commander-en-ligne\/","title":{"rendered":"Commander en ligne"},"content":{"rendered":"\n<div class=\"wp-block-columns is-layout-flex wp-container-core-columns-is-layout-28f84493 wp-block-columns-is-layout-flex\">\n<div class=\"wp-block-column is-layout-flow wp-block-column-is-layout-flow\">\n<figure class=\"wp-block-image size-large\"><img loading=\"lazy\" decoding=\"async\" width=\"1024\" height=\"1020\" src=\"https:\/\/agranata.corsica\/wp-content\/uploads\/2025\/12\/Brocciu-DER6-1024x1020.jpg\" alt=\"\" class=\"wp-image-847\" srcset=\"https:\/\/agranata.corsica\/wp-content\/uploads\/2025\/12\/Brocciu-DER6-1024x1020.jpg 1024w, https:\/\/agranata.corsica\/wp-content\/uploads\/2025\/12\/Brocciu-DER6-300x300.jpg 300w, https:\/\/agranata.corsica\/wp-content\/uploads\/2025\/12\/Brocciu-DER6-150x150.jpg 150w, https:\/\/agranata.corsica\/wp-content\/uploads\/2025\/12\/Brocciu-DER6-768x765.jpg 768w, https:\/\/agranata.corsica\/wp-content\/uploads\/2025\/12\/Brocciu-DER6-1536x1531.jpg 1536w, https:\/\/agranata.corsica\/wp-content\/uploads\/2025\/12\/Brocciu-DER6-2048x2041.jpg 2048w\" sizes=\"auto, (max-width: 1024px) 100vw, 1024px\" \/><\/figure>\n<\/div>\n\n\n\n<div class=\"wp-block-column is-layout-flow wp-block-column-is-layout-flow\">\n<p>Pudeti cumand\u00e0 i libri scrivendu\u00a0<a href=\"https:\/\/agranata.corsica\/index.php\/contact\/\">qu\u00ec<\/a>\u00a0o mand\u00e0 un mail \u00e0 l\u2019indirizzu :\u00a0<strong>agranata.libri@gmail.com<\/strong><br>Il est possible de passer commande directement via le\u00a0<a href=\"https:\/\/agranata.corsica\/index.php\/contact\/\">formulaire de contact<\/a>\u00a0ou en envoyant un mail \u00e0 :\u00a0<strong>agranata.libri@gmail.com<\/strong><\/p>\n\n\n\n<p>Exp\u00e9dition partout en France et dans le monde.<br>Spedizioni dapartuttu.<\/p>\n<\/div>\n<\/div>\n\n\n\n<p class=\"has-text-align-center has-black-color has-text-color has-link-color wp-elements-7fec9d6d1dd2b6f0c1b6a5febed9cd2b\">***<\/p>\n\n\n\n<p class=\"has-accent-color has-text-color has-link-color wp-elements-54f95a98b9cb69401d07b0ac9f31b8f8\"><strong><mark style=\"background-color:rgba(0, 0, 0, 0)\" class=\"has-inline-color has-black-color\">Pudeti truv\u00e0 din\u00f2 i libri di A Granata in i librarii di l\u2019isula \u00e8 ind\u2019\u00e8 i nostri partinarii :<br><\/mark><\/strong><mark style=\"background-color:rgba(0, 0, 0, 0)\" class=\"has-inline-color has-black-color\">Vous pouvez aussi trouver les livres d\u2019A Granata dans les librairies et chez nos diffuseurs :<\/mark><\/p>\n\n\n\n<figure class=\"wp-block-image size-large is-resized\"><img loading=\"lazy\" decoding=\"async\" width=\"1022\" height=\"1024\" src=\"https:\/\/agranata.corsica\/wp-content\/uploads\/2025\/10\/cartevente-3-1022x1024.jpg\" alt=\"\" class=\"wp-image-787\" style=\"aspect-ratio:0.9980395361893903;width:716px;height:auto\" srcset=\"https:\/\/agranata.corsica\/wp-content\/uploads\/2025\/10\/cartevente-3-1022x1024.jpg 1022w, https:\/\/agranata.corsica\/wp-content\/uploads\/2025\/10\/cartevente-3-300x300.jpg 300w, https:\/\/agranata.corsica\/wp-content\/uploads\/2025\/10\/cartevente-3-150x150.jpg 150w, https:\/\/agranata.corsica\/wp-content\/uploads\/2025\/10\/cartevente-3-768x769.jpg 768w, https:\/\/agranata.corsica\/wp-content\/uploads\/2025\/10\/cartevente-3.jpg 1076w\" sizes=\"auto, (max-width: 1022px) 100vw, 1022px\" \/><\/figure>\n","protected":false},"excerpt":{"rendered":"<p>Pudeti cumand\u00e0 i libri scrivendu\u00a0qu\u00ec\u00a0o mand\u00e0 un mail \u00e0 l\u2019indirizzu :\u00a0agranata.libri@gmail.comIl est possible de passer commande directement via le\u00a0formulaire de contact\u00a0ou en envoyant un mail \u00e0 :\u00a0agranata.libri@gmail.com Exp\u00e9dition partout en France et dans le monde.Spedizioni dapartuttu. *** Pudeti truv\u00e0 din\u00f2 i libri di A Granata in i librarii di l\u2019isula [&hellip;]<\/p>\n","protected":false},"author":1,"featured_media":0,"parent":0,"menu_order":0,"comment_status":"closed","ping_status":"closed","template":"","meta":{"_themeisle_gutenberg_block_has_review":false,"footnotes":""},"class_list":["post-477","page","type-page","status-publish","hentry"],"_links":{"self":[{"href":"https:\/\/agranata.corsica\/index.php\/wp-json\/wp\/v2\/pages\/477","targetHints":{"allow":["GET"]}}],"collection":[{"href":"https:\/\/agranata.corsica\/index.php\/wp-json\/wp\/v2\/pages"}],"about":[{"href":"https:\/\/agranata.corsica\/index.php\/wp-json\/wp\/v2\/types\/page"}],"author":[{"embeddable":true,"href":"https:\/\/agranata.corsica\/index.php\/wp-json\/wp\/v2\/users\/1"}],"replies":[{"embeddable":true,"href":"https:\/\/agranata.corsica\/index.php\/wp-json\/wp\/v2\/comments?post=477"}],"version-history":[{"count":8,"href":"https:\/\/agranata.corsica\/index.php\/wp-json\/wp\/v2\/pages\/477\/revisions"}],"predecessor-version":[{"id":1002,"href":"https:\/\/agranata.corsica\/index.php\/wp-json\/wp\/v2\/pages\/477\/revisions\/1002"}],"wp:attachment":[{"href":"https:\/\/agranata.corsica\/index.php\/wp-json\/wp\/v2\/media?parent=477"}],"curies":[{"name":"wp","href":"https:\/\/api.w.org\/{rel}","templated":true}]}}