{"id":469,"date":"2024-06-23T12:03:49","date_gmt":"2024-06-23T10:03:49","guid":{"rendered":"https:\/\/agranata.corsica\/?page_id=469"},"modified":"2025-12-18T10:51:51","modified_gmt":"2025-12-18T09:51:51","slug":"librairies-et-boutiques-partenaires","status":"publish","type":"page","link":"https:\/\/agranata.corsica\/index.php\/librairies-et-boutiques-partenaires\/","title":{"rendered":"Points de vente \/ Punti di vendita"},"content":{"rendered":"\n<p>Pudeti truv\u00e0 i libri d&rsquo;A Granata in i librarii di l&rsquo;isula \u00e8 ind&rsquo;\u00e8 i nostri partinarii<br>Vous pouvez trouver les livres d&rsquo;A Granata dans les librairies et chez nos diffuseurs<\/p>\n\n\n<div class=\"wp-block-image\">\n<figure class=\"aligncenter size-large is-resized\"><img loading=\"lazy\" decoding=\"async\" width=\"1022\" height=\"1024\" src=\"https:\/\/agranata.corsica\/wp-content\/uploads\/2025\/10\/cartevente-3-1022x1024.jpg\" alt=\"\" class=\"wp-image-787\" style=\"aspect-ratio:0.9980395361893903;width:713px;height:auto\" srcset=\"https:\/\/agranata.corsica\/wp-content\/uploads\/2025\/10\/cartevente-3-1022x1024.jpg 1022w, https:\/\/agranata.corsica\/wp-content\/uploads\/2025\/10\/cartevente-3-300x300.jpg 300w, https:\/\/agranata.corsica\/wp-content\/uploads\/2025\/10\/cartevente-3-150x150.jpg 150w, https:\/\/agranata.corsica\/wp-content\/uploads\/2025\/10\/cartevente-3-768x769.jpg 768w, https:\/\/agranata.corsica\/wp-content\/uploads\/2025\/10\/cartevente-3.jpg 1076w\" sizes=\"auto, (max-width: 1022px) 100vw, 1022px\" \/><\/figure>\n<\/div>\n\n\n<div class=\"wp-block-columns is-layout-flex wp-container-core-columns-is-layout-28f84493 wp-block-columns-is-layout-flex\">\n<div class=\"wp-block-column is-layout-flow wp-block-column-is-layout-flow\">\n<h2 class=\"wp-block-heading has-accent-color has-text-color has-link-color wp-elements-473f419df9f295181e0f6b1133344be4\"><br><strong>Commander nos livres <\/strong>\/ <strong>Cummand\u00e0 i nostri libri<\/strong><\/h2>\n\n\n\n<div class=\"wp-block-columns is-layout-flex wp-container-core-columns-is-layout-28f84493 wp-block-columns-is-layout-flex\">\n<div class=\"wp-block-column is-layout-flow wp-block-column-is-layout-flow\">\n<figure class=\"wp-block-image size-large\"><img loading=\"lazy\" decoding=\"async\" width=\"1024\" height=\"1020\" src=\"https:\/\/agranata.corsica\/wp-content\/uploads\/2025\/12\/Brocciu-DER6-1024x1020.jpg\" alt=\"\" class=\"wp-image-847\" srcset=\"https:\/\/agranata.corsica\/wp-content\/uploads\/2025\/12\/Brocciu-DER6-1024x1020.jpg 1024w, https:\/\/agranata.corsica\/wp-content\/uploads\/2025\/12\/Brocciu-DER6-300x300.jpg 300w, https:\/\/agranata.corsica\/wp-content\/uploads\/2025\/12\/Brocciu-DER6-150x150.jpg 150w, https:\/\/agranata.corsica\/wp-content\/uploads\/2025\/12\/Brocciu-DER6-768x765.jpg 768w, https:\/\/agranata.corsica\/wp-content\/uploads\/2025\/12\/Brocciu-DER6-1536x1531.jpg 1536w, https:\/\/agranata.corsica\/wp-content\/uploads\/2025\/12\/Brocciu-DER6-2048x2041.jpg 2048w\" sizes=\"auto, (max-width: 1024px) 100vw, 1024px\" \/><\/figure>\n<\/div>\n\n\n\n<div class=\"wp-block-column is-layout-flow wp-block-column-is-layout-flow\">\n<p>Pudeti cumand\u00e0 i libri scrivendu <a href=\"https:\/\/agranata.corsica\/index.php\/contact\/\" data-type=\"page\" data-id=\"11\">qu\u00ec<\/a> o mand\u00e0 un mail \u00e0 l&rsquo;indirizzu : <strong>agranata.libri@gmail.com<\/strong><br>Il est possible aussi de passer commande directement via le <a href=\"https:\/\/agranata.corsica\/index.php\/contact\/\" data-type=\"page\" data-id=\"11\">formulaire de contact<\/a> ou en envoyant un mail \u00e0 :\u00a0<strong>agranata.libri@gmail.com<\/strong><\/p>\n\n\n\n<p>Exp\u00e9dition partout en France et dans le monde.<br>Spedizioni dapartuttu.<\/p>\n<\/div>\n<\/div>\n<\/div>\n<\/div>\n","protected":false},"excerpt":{"rendered":"<p>Pudeti truv\u00e0 i libri d&rsquo;A Granata in i librarii di l&rsquo;isula \u00e8 ind&rsquo;\u00e8 i nostri partinariiVous pouvez trouver les livres d&rsquo;A Granata dans les librairies et chez nos diffuseurs Commander nos livres \/ Cummand\u00e0 i nostri libri Pudeti cumand\u00e0 i libri scrivendu qu\u00ec o mand\u00e0 un mail \u00e0 l&rsquo;indirizzu : [&hellip;]<\/p>\n","protected":false},"author":1,"featured_media":0,"parent":0,"menu_order":0,"comment_status":"closed","ping_status":"closed","template":"","meta":{"_themeisle_gutenberg_block_has_review":false,"footnotes":""},"class_list":["post-469","page","type-page","status-publish","hentry"],"_links":{"self":[{"href":"https:\/\/agranata.corsica\/index.php\/wp-json\/wp\/v2\/pages\/469","targetHints":{"allow":["GET"]}}],"collection":[{"href":"https:\/\/agranata.corsica\/index.php\/wp-json\/wp\/v2\/pages"}],"about":[{"href":"https:\/\/agranata.corsica\/index.php\/wp-json\/wp\/v2\/types\/page"}],"author":[{"embeddable":true,"href":"https:\/\/agranata.corsica\/index.php\/wp-json\/wp\/v2\/users\/1"}],"replies":[{"embeddable":true,"href":"https:\/\/agranata.corsica\/index.php\/wp-json\/wp\/v2\/comments?post=469"}],"version-history":[{"count":19,"href":"https:\/\/agranata.corsica\/index.php\/wp-json\/wp\/v2\/pages\/469\/revisions"}],"predecessor-version":[{"id":995,"href":"https:\/\/agranata.corsica\/index.php\/wp-json\/wp\/v2\/pages\/469\/revisions\/995"}],"wp:attachment":[{"href":"https:\/\/agranata.corsica\/index.php\/wp-json\/wp\/v2\/media?parent=469"}],"curies":[{"name":"wp","href":"https:\/\/api.w.org\/{rel}","templated":true}]}}