{"id":372,"date":"2024-06-21T09:04:52","date_gmt":"2024-06-21T07:04:52","guid":{"rendered":"https:\/\/agranata.corsica\/?page_id=372"},"modified":"2025-12-19T11:50:54","modified_gmt":"2025-12-19T10:50:54","slug":"une-veillee-au-coin-du-feu-una-veghja-a-u-fuconu","status":"publish","type":"page","link":"https:\/\/agranata.corsica\/index.php\/une-veillee-au-coin-du-feu-una-veghja-a-u-fuconu\/","title":{"rendered":"Une veill\u00e9e au coin du feu &#8211; Una veghja \u00e0 u fuconu"},"content":{"rendered":"\n<figure class=\"wp-block-gallery has-nested-images columns-default is-cropped wp-block-gallery-1 is-layout-flex wp-block-gallery-is-layout-flex\">\n<figure class=\"wp-block-image size-large\"><img loading=\"lazy\" decoding=\"async\" width=\"791\" height=\"1024\" data-id=\"139\" src=\"https:\/\/agranata.corsica\/wp-content\/uploads\/2022\/12\/Couvokoko-791x1024.jpg\" alt=\"\" class=\"wp-image-139\" srcset=\"https:\/\/agranata.corsica\/wp-content\/uploads\/2022\/12\/Couvokoko-791x1024.jpg 791w, https:\/\/agranata.corsica\/wp-content\/uploads\/2022\/12\/Couvokoko-232x300.jpg 232w, https:\/\/agranata.corsica\/wp-content\/uploads\/2022\/12\/Couvokoko-768x994.jpg 768w, https:\/\/agranata.corsica\/wp-content\/uploads\/2022\/12\/Couvokoko-1187x1536.jpg 1187w, https:\/\/agranata.corsica\/wp-content\/uploads\/2022\/12\/Couvokoko-1583x2048.jpg 1583w, https:\/\/agranata.corsica\/wp-content\/uploads\/2022\/12\/Couvokoko-scaled.jpg 1979w\" sizes=\"auto, (max-width: 791px) 100vw, 791px\" \/><\/figure>\n\n\n\n<figure class=\"wp-block-image size-large\"><img loading=\"lazy\" decoding=\"async\" width=\"709\" height=\"937\" data-id=\"278\" src=\"https:\/\/agranata.corsica\/wp-content\/uploads\/2024\/02\/COUVdosBNF.jpg\" alt=\"\" class=\"wp-image-278\" srcset=\"https:\/\/agranata.corsica\/wp-content\/uploads\/2024\/02\/COUVdosBNF.jpg 709w, https:\/\/agranata.corsica\/wp-content\/uploads\/2024\/02\/COUVdosBNF-227x300.jpg 227w\" sizes=\"auto, (max-width: 709px) 100vw, 709px\" \/><\/figure>\n<\/figure>\n\n\n\n<p><\/p>\n\n\n\n<p>Avant, quand il n&rsquo;y avait pas la t\u00e9l\u00e9, le t\u00e9l\u00e9phone, l&rsquo;\u00e9lectricit\u00e9 et m\u00eame pas de livre, on se retrouvait \u00e0 la veill\u00e9e pour discuter et se raconter des histoires, souvent au coin du feu. Le feu c&rsquo;est un symbole fort, c&rsquo;est la lumi\u00e8re avant l&rsquo;installation de l&rsquo;\u00e9lectricit\u00e9 dans les maisons, il permet aussi de cuisiner et de se chauffer. Le feu s&rsquo;est transmis de g\u00e9n\u00e9ration en g\u00e9n\u00e9ration, c&rsquo;est la m\u00e9moire vive d&rsquo;un peuple, on ne saurait le laisser s&rsquo;\u00e9teindre. Dans notre livre, ces mythes, contes et l\u00e9gendes issus ou inspir\u00e9s de la m\u00e9moire ancestrale sont ancr\u00e9s dans des moments de notre quotidien dans lesquels chacun peut se retrouver.<br>Prima, quandu \u00f9n c\u2019era ne televisi\u00f2, ne tel\u00e8fonu, ne elettricit\u00e0, ne mancu libri, omu si ritruvava \u00e0 veghja da cuntrast\u00e0 \u00e8 cunt\u00e0 foli, \u00e0 spessu \u00e0 u fuconi. U focu h\u00e8 un s\u00ecmbulu tremendu, h\u00e8 u lumi prima di l\u2019affaccu di l\u2019elettricit\u00e0 in i casi, parmetta di scucin\u00e0 \u00e8 di scald\u00e0 si. U focu h\u00e8 tramandatu da leva in purleva, h\u00e8 a mimoria viva d\u2019un p\u00f2pulu, ch\u00ec \u00f9n si devi mai lasci\u00e0 spigna. In u nostru libru, i miti, foli \u00e8 lighjendi s\u00f2 arradicati in i mumenti di u nostru cuttidianu induva tutt\u2019ognunu ci si p\u00f2 ritruv\u00e0.<\/p>\n\n\n\n<p><br><strong>I primi paghjini &#8211; Les premi\u00e8res pages<\/strong><br><\/p>\n\n\n\n<figure class=\"wp-block-gallery has-nested-images columns-default is-cropped wp-block-gallery-2 is-layout-flex wp-block-gallery-is-layout-flex\">\n<figure class=\"wp-block-image size-full\"><a href=\"https:\/\/agranata.corsica\/wp-content\/uploads\/2024\/06\/PageTitre.jpg\"><img loading=\"lazy\" decoding=\"async\" width=\"1770\" height=\"2478\" data-id=\"373\" src=\"https:\/\/agranata.corsica\/wp-content\/uploads\/2024\/06\/PageTitre.jpg\" alt=\"\" class=\"wp-image-373\" srcset=\"https:\/\/agranata.corsica\/wp-content\/uploads\/2024\/06\/PageTitre.jpg 1770w, https:\/\/agranata.corsica\/wp-content\/uploads\/2024\/06\/PageTitre-214x300.jpg 214w, https:\/\/agranata.corsica\/wp-content\/uploads\/2024\/06\/PageTitre-731x1024.jpg 731w, https:\/\/agranata.corsica\/wp-content\/uploads\/2024\/06\/PageTitre-768x1075.jpg 768w, https:\/\/agranata.corsica\/wp-content\/uploads\/2024\/06\/PageTitre-1097x1536.jpg 1097w, https:\/\/agranata.corsica\/wp-content\/uploads\/2024\/06\/PageTitre-1463x2048.jpg 1463w\" sizes=\"auto, (max-width: 1770px) 100vw, 1770px\" \/><\/a><\/figure>\n\n\n\n<figure class=\"wp-block-image size-full\"><a href=\"https:\/\/agranata.corsica\/wp-content\/uploads\/2024\/06\/Pge3-scaled.jpg\"><img loading=\"lazy\" decoding=\"async\" width=\"1861\" height=\"2560\" data-id=\"374\" src=\"https:\/\/agranata.corsica\/wp-content\/uploads\/2024\/06\/Pge3-scaled.jpg\" alt=\"\" class=\"wp-image-374\" srcset=\"https:\/\/agranata.corsica\/wp-content\/uploads\/2024\/06\/Pge3-scaled.jpg 1861w, https:\/\/agranata.corsica\/wp-content\/uploads\/2024\/06\/Pge3-218x300.jpg 218w, https:\/\/agranata.corsica\/wp-content\/uploads\/2024\/06\/Pge3-745x1024.jpg 745w, https:\/\/agranata.corsica\/wp-content\/uploads\/2024\/06\/Pge3-768x1056.jpg 768w, https:\/\/agranata.corsica\/wp-content\/uploads\/2024\/06\/Pge3-1117x1536.jpg 1117w, https:\/\/agranata.corsica\/wp-content\/uploads\/2024\/06\/Pge3-1489x2048.jpg 1489w\" sizes=\"auto, (max-width: 1861px) 100vw, 1861px\" \/><\/a><\/figure>\n\n\n\n<figure class=\"wp-block-image size-full\"><a href=\"https:\/\/agranata.corsica\/wp-content\/uploads\/2024\/06\/Pge4-scaled.jpg\"><img loading=\"lazy\" decoding=\"async\" width=\"1861\" height=\"2560\" data-id=\"375\" src=\"https:\/\/agranata.corsica\/wp-content\/uploads\/2024\/06\/Pge4-scaled.jpg\" alt=\"\" class=\"wp-image-375\" srcset=\"https:\/\/agranata.corsica\/wp-content\/uploads\/2024\/06\/Pge4-scaled.jpg 1861w, https:\/\/agranata.corsica\/wp-content\/uploads\/2024\/06\/Pge4-218x300.jpg 218w, https:\/\/agranata.corsica\/wp-content\/uploads\/2024\/06\/Pge4-745x1024.jpg 745w, https:\/\/agranata.corsica\/wp-content\/uploads\/2024\/06\/Pge4-768x1056.jpg 768w, https:\/\/agranata.corsica\/wp-content\/uploads\/2024\/06\/Pge4-1117x1536.jpg 1117w, https:\/\/agranata.corsica\/wp-content\/uploads\/2024\/06\/Pge4-1489x2048.jpg 1489w\" sizes=\"auto, (max-width: 1861px) 100vw, 1861px\" \/><\/a><\/figure>\n\n\n\n<figure class=\"wp-block-image size-full\"><a href=\"https:\/\/agranata.corsica\/wp-content\/uploads\/2024\/06\/Pge7-scaled.jpg\"><img loading=\"lazy\" decoding=\"async\" width=\"1861\" height=\"2560\" data-id=\"376\" src=\"https:\/\/agranata.corsica\/wp-content\/uploads\/2024\/06\/Pge7-scaled.jpg\" alt=\"\" class=\"wp-image-376\" srcset=\"https:\/\/agranata.corsica\/wp-content\/uploads\/2024\/06\/Pge7-scaled.jpg 1861w, https:\/\/agranata.corsica\/wp-content\/uploads\/2024\/06\/Pge7-218x300.jpg 218w, https:\/\/agranata.corsica\/wp-content\/uploads\/2024\/06\/Pge7-745x1024.jpg 745w, https:\/\/agranata.corsica\/wp-content\/uploads\/2024\/06\/Pge7-768x1056.jpg 768w, https:\/\/agranata.corsica\/wp-content\/uploads\/2024\/06\/Pge7-1117x1536.jpg 1117w, https:\/\/agranata.corsica\/wp-content\/uploads\/2024\/06\/Pge7-1489x2048.jpg 1489w\" sizes=\"auto, (max-width: 1861px) 100vw, 1861px\" \/><\/a><\/figure>\n\n\n\n<figure class=\"wp-block-image size-full\"><a href=\"https:\/\/agranata.corsica\/wp-content\/uploads\/2024\/06\/Pge9-scaled.jpg\"><img loading=\"lazy\" decoding=\"async\" width=\"1861\" height=\"2560\" data-id=\"377\" src=\"https:\/\/agranata.corsica\/wp-content\/uploads\/2024\/06\/Pge9-scaled.jpg\" alt=\"\" class=\"wp-image-377\" srcset=\"https:\/\/agranata.corsica\/wp-content\/uploads\/2024\/06\/Pge9-scaled.jpg 1861w, https:\/\/agranata.corsica\/wp-content\/uploads\/2024\/06\/Pge9-218x300.jpg 218w, https:\/\/agranata.corsica\/wp-content\/uploads\/2024\/06\/Pge9-745x1024.jpg 745w, https:\/\/agranata.corsica\/wp-content\/uploads\/2024\/06\/Pge9-768x1056.jpg 768w, https:\/\/agranata.corsica\/wp-content\/uploads\/2024\/06\/Pge9-1117x1536.jpg 1117w, https:\/\/agranata.corsica\/wp-content\/uploads\/2024\/06\/Pge9-1489x2048.jpg 1489w\" sizes=\"auto, (max-width: 1861px) 100vw, 1861px\" \/><\/a><\/figure>\n\n\n\n<figure class=\"wp-block-image size-full\"><a href=\"https:\/\/agranata.corsica\/wp-content\/uploads\/2024\/06\/Pge10-scaled.jpg\"><img loading=\"lazy\" decoding=\"async\" width=\"1861\" height=\"2560\" data-id=\"378\" src=\"https:\/\/agranata.corsica\/wp-content\/uploads\/2024\/06\/Pge10-scaled.jpg\" alt=\"\" class=\"wp-image-378\" srcset=\"https:\/\/agranata.corsica\/wp-content\/uploads\/2024\/06\/Pge10-scaled.jpg 1861w, https:\/\/agranata.corsica\/wp-content\/uploads\/2024\/06\/Pge10-218x300.jpg 218w, https:\/\/agranata.corsica\/wp-content\/uploads\/2024\/06\/Pge10-745x1024.jpg 745w, https:\/\/agranata.corsica\/wp-content\/uploads\/2024\/06\/Pge10-768x1056.jpg 768w, https:\/\/agranata.corsica\/wp-content\/uploads\/2024\/06\/Pge10-1117x1536.jpg 1117w, https:\/\/agranata.corsica\/wp-content\/uploads\/2024\/06\/Pge10-1489x2048.jpg 1489w\" sizes=\"auto, (max-width: 1861px) 100vw, 1861px\" \/><\/a><\/figure>\n\n\n\n<figure class=\"wp-block-image size-full\"><a href=\"https:\/\/agranata.corsica\/wp-content\/uploads\/2024\/06\/Pge11-scaled.jpg\"><img loading=\"lazy\" decoding=\"async\" width=\"1861\" height=\"2560\" data-id=\"379\" src=\"https:\/\/agranata.corsica\/wp-content\/uploads\/2024\/06\/Pge11-scaled.jpg\" alt=\"\" class=\"wp-image-379\" srcset=\"https:\/\/agranata.corsica\/wp-content\/uploads\/2024\/06\/Pge11-scaled.jpg 1861w, https:\/\/agranata.corsica\/wp-content\/uploads\/2024\/06\/Pge11-218x300.jpg 218w, https:\/\/agranata.corsica\/wp-content\/uploads\/2024\/06\/Pge11-745x1024.jpg 745w, https:\/\/agranata.corsica\/wp-content\/uploads\/2024\/06\/Pge11-768x1056.jpg 768w, https:\/\/agranata.corsica\/wp-content\/uploads\/2024\/06\/Pge11-1117x1536.jpg 1117w, https:\/\/agranata.corsica\/wp-content\/uploads\/2024\/06\/Pge11-1489x2048.jpg 1489w\" sizes=\"auto, (max-width: 1861px) 100vw, 1861px\" \/><\/a><\/figure>\n\n\n\n<figure class=\"wp-block-image size-full\"><a href=\"https:\/\/agranata.corsica\/wp-content\/uploads\/2024\/06\/Pge12-scaled.jpg\"><img loading=\"lazy\" decoding=\"async\" width=\"1861\" height=\"2560\" data-id=\"380\" src=\"https:\/\/agranata.corsica\/wp-content\/uploads\/2024\/06\/Pge12-scaled.jpg\" alt=\"\" class=\"wp-image-380\" srcset=\"https:\/\/agranata.corsica\/wp-content\/uploads\/2024\/06\/Pge12-scaled.jpg 1861w, https:\/\/agranata.corsica\/wp-content\/uploads\/2024\/06\/Pge12-218x300.jpg 218w, https:\/\/agranata.corsica\/wp-content\/uploads\/2024\/06\/Pge12-745x1024.jpg 745w, https:\/\/agranata.corsica\/wp-content\/uploads\/2024\/06\/Pge12-768x1056.jpg 768w, https:\/\/agranata.corsica\/wp-content\/uploads\/2024\/06\/Pge12-1117x1536.jpg 1117w, https:\/\/agranata.corsica\/wp-content\/uploads\/2024\/06\/Pge12-1489x2048.jpg 1489w\" sizes=\"auto, (max-width: 1861px) 100vw, 1861px\" \/><\/a><\/figure>\n\n\n\n<figure class=\"wp-block-image size-full\"><a href=\"https:\/\/agranata.corsica\/wp-content\/uploads\/2024\/06\/Pge13-scaled.jpg\"><img loading=\"lazy\" decoding=\"async\" width=\"1861\" height=\"2560\" data-id=\"381\" src=\"https:\/\/agranata.corsica\/wp-content\/uploads\/2024\/06\/Pge13-scaled.jpg\" alt=\"\" class=\"wp-image-381\" srcset=\"https:\/\/agranata.corsica\/wp-content\/uploads\/2024\/06\/Pge13-scaled.jpg 1861w, https:\/\/agranata.corsica\/wp-content\/uploads\/2024\/06\/Pge13-218x300.jpg 218w, https:\/\/agranata.corsica\/wp-content\/uploads\/2024\/06\/Pge13-745x1024.jpg 745w, https:\/\/agranata.corsica\/wp-content\/uploads\/2024\/06\/Pge13-768x1056.jpg 768w, https:\/\/agranata.corsica\/wp-content\/uploads\/2024\/06\/Pge13-1117x1536.jpg 1117w, https:\/\/agranata.corsica\/wp-content\/uploads\/2024\/06\/Pge13-1489x2048.jpg 1489w\" sizes=\"auto, (max-width: 1861px) 100vw, 1861px\" \/><\/a><\/figure>\n\n\n\n<figure class=\"wp-block-image size-full\"><a href=\"https:\/\/agranata.corsica\/wp-content\/uploads\/2024\/06\/Pge165-scaled.jpg\"><img loading=\"lazy\" decoding=\"async\" width=\"1861\" height=\"2560\" data-id=\"382\" src=\"https:\/\/agranata.corsica\/wp-content\/uploads\/2024\/06\/Pge165-scaled.jpg\" alt=\"\" class=\"wp-image-382\" srcset=\"https:\/\/agranata.corsica\/wp-content\/uploads\/2024\/06\/Pge165-scaled.jpg 1861w, https:\/\/agranata.corsica\/wp-content\/uploads\/2024\/06\/Pge165-218x300.jpg 218w, https:\/\/agranata.corsica\/wp-content\/uploads\/2024\/06\/Pge165-745x1024.jpg 745w, https:\/\/agranata.corsica\/wp-content\/uploads\/2024\/06\/Pge165-768x1056.jpg 768w, https:\/\/agranata.corsica\/wp-content\/uploads\/2024\/06\/Pge165-1117x1536.jpg 1117w, https:\/\/agranata.corsica\/wp-content\/uploads\/2024\/06\/Pge165-1489x2048.jpg 1489w\" sizes=\"auto, (max-width: 1861px) 100vw, 1861px\" \/><\/a><\/figure>\n\n\n\n<figure class=\"wp-block-image size-full\"><a href=\"https:\/\/agranata.corsica\/wp-content\/uploads\/2024\/06\/Pge166.pdf\"><img loading=\"lazy\" decoding=\"async\" width=\"806\" height=\"1109\" data-id=\"383\" src=\"https:\/\/agranata.corsica\/wp-content\/uploads\/2024\/06\/Pge166-pdf.jpg\" alt=\"\" class=\"wp-image-383\"\/><\/a><\/figure>\n\n\n\n<figure class=\"wp-block-image size-full\"><a href=\"https:\/\/agranata.corsica\/wp-content\/uploads\/2024\/06\/Pge167-scaled.jpg\"><img loading=\"lazy\" decoding=\"async\" width=\"1861\" height=\"2560\" data-id=\"384\" src=\"https:\/\/agranata.corsica\/wp-content\/uploads\/2024\/06\/Pge167-scaled.jpg\" alt=\"\" class=\"wp-image-384\" srcset=\"https:\/\/agranata.corsica\/wp-content\/uploads\/2024\/06\/Pge167-scaled.jpg 1861w, https:\/\/agranata.corsica\/wp-content\/uploads\/2024\/06\/Pge167-218x300.jpg 218w, https:\/\/agranata.corsica\/wp-content\/uploads\/2024\/06\/Pge167-745x1024.jpg 745w, https:\/\/agranata.corsica\/wp-content\/uploads\/2024\/06\/Pge167-768x1056.jpg 768w, https:\/\/agranata.corsica\/wp-content\/uploads\/2024\/06\/Pge167-1117x1536.jpg 1117w, https:\/\/agranata.corsica\/wp-content\/uploads\/2024\/06\/Pge167-1489x2048.jpg 1489w\" sizes=\"auto, (max-width: 1861px) 100vw, 1861px\" \/><\/a><\/figure>\n<\/figure>\n\n\n\n<p class=\"has-text-align-right\">&#8230;<\/p>\n\n\n\n<div class=\"wp-block-columns is-layout-flex wp-container-core-columns-is-layout-28f84493 wp-block-columns-is-layout-flex\">\n<div class=\"wp-block-column is-layout-flow wp-block-column-is-layout-flow\" style=\"flex-basis:66.66%\">\n<figure class=\"wp-block-image size-large\"><img loading=\"lazy\" decoding=\"async\" width=\"722\" height=\"1024\" src=\"https:\/\/agranata.corsica\/wp-content\/uploads\/2023\/04\/veghja1-722x1024.jpg\" alt=\"\" class=\"wp-image-167\" srcset=\"https:\/\/agranata.corsica\/wp-content\/uploads\/2023\/04\/veghja1-722x1024.jpg 722w, https:\/\/agranata.corsica\/wp-content\/uploads\/2023\/04\/veghja1-212x300.jpg 212w, https:\/\/agranata.corsica\/wp-content\/uploads\/2023\/04\/veghja1-768x1089.jpg 768w, https:\/\/agranata.corsica\/wp-content\/uploads\/2023\/04\/veghja1-1083x1536.jpg 1083w, https:\/\/agranata.corsica\/wp-content\/uploads\/2023\/04\/veghja1-1444x2048.jpg 1444w, https:\/\/agranata.corsica\/wp-content\/uploads\/2023\/04\/veghja1-scaled.jpg 1805w\" sizes=\"auto, (max-width: 722px) 100vw, 722px\" \/><\/figure>\n<\/div>\n\n\n\n<div class=\"wp-block-column is-layout-flow wp-block-column-is-layout-flow\" style=\"flex-basis:33.33%\">\n<p><br>Bislinguu<br>Bilingue<br>Illustrations noir et blanc<br>Traduzzioni : <br>Alexandre Filippi, Anthony Pen-Penic, Livia Manenti et Solimea Biancucci<br>312 pages<br>Format A5<br>Cartonn\u00e9 \u2013 Couverture toil\u00e9e<\/p>\n<\/div>\n<\/div>\n\n\n\n<div class=\"wp-block-columns is-layout-flex wp-container-core-columns-is-layout-28f84493 wp-block-columns-is-layout-flex\">\n<div class=\"wp-block-column is-layout-flow wp-block-column-is-layout-flow\">\n<figure class=\"wp-block-image size-large\"><img loading=\"lazy\" decoding=\"async\" width=\"1024\" height=\"1020\" src=\"https:\/\/agranata.corsica\/wp-content\/uploads\/2025\/12\/veghja2-1024x1020.jpg\" alt=\"\" class=\"wp-image-1111\" srcset=\"https:\/\/agranata.corsica\/wp-content\/uploads\/2025\/12\/veghja2-1024x1020.jpg 1024w, https:\/\/agranata.corsica\/wp-content\/uploads\/2025\/12\/veghja2-300x300.jpg 300w, https:\/\/agranata.corsica\/wp-content\/uploads\/2025\/12\/veghja2-150x150.jpg 150w, https:\/\/agranata.corsica\/wp-content\/uploads\/2025\/12\/veghja2-768x765.jpg 768w, https:\/\/agranata.corsica\/wp-content\/uploads\/2025\/12\/veghja2-1536x1531.jpg 1536w, https:\/\/agranata.corsica\/wp-content\/uploads\/2025\/12\/veghja2-2048x2041.jpg 2048w\" sizes=\"auto, (max-width: 1024px) 100vw, 1024px\" \/><\/figure>\n<\/div>\n\n\n\n<div class=\"wp-block-column is-layout-flow wp-block-column-is-layout-flow\">\n<p><strong>Una d\u00e8dica ?<\/strong> Scriviti puru <a href=\"https:\/\/agranata.corsica\/index.php\/contact\/\" data-type=\"page\" data-id=\"11\">qu\u00ec<\/a><br>Une d\u00e9dicace ? Ecrivez-moi <a href=\"https:\/\/agranata.corsica\/index.php\/contact\/\" data-type=\"page\" data-id=\"11\">ici<\/a><\/p>\n<\/div>\n<\/div>\n\n\n\n<p class=\"has-text-align-center\">***<br><strong>L&rsquo;autrici &#8211; Les autrices<\/strong><\/p>\n\n\n\n<div class=\"wp-block-columns is-layout-flex wp-container-core-columns-is-layout-28f84493 wp-block-columns-is-layout-flex\">\n<div class=\"wp-block-column is-layout-flow wp-block-column-is-layout-flow\"><div class=\"wp-block-image\">\n<figure class=\"aligncenter size-large is-resized\"><img loading=\"lazy\" decoding=\"async\" width=\"1020\" height=\"1024\" src=\"https:\/\/agranata.corsica\/wp-content\/uploads\/2024\/02\/brigitterond-1020x1024.jpg\" alt=\"\" class=\"wp-image-259\" style=\"aspect-ratio:0.9960937351570467;width:260px;height:auto\" srcset=\"https:\/\/agranata.corsica\/wp-content\/uploads\/2024\/02\/brigitterond-1020x1024.jpg 1020w, https:\/\/agranata.corsica\/wp-content\/uploads\/2024\/02\/brigitterond-300x300.jpg 300w, https:\/\/agranata.corsica\/wp-content\/uploads\/2024\/02\/brigitterond-150x150.jpg 150w, https:\/\/agranata.corsica\/wp-content\/uploads\/2024\/02\/brigitterond-768x771.jpg 768w, https:\/\/agranata.corsica\/wp-content\/uploads\/2024\/02\/brigitterond-1529x1536.jpg 1529w, https:\/\/agranata.corsica\/wp-content\/uploads\/2024\/02\/brigitterond-100x100.jpg 100w, https:\/\/agranata.corsica\/wp-content\/uploads\/2024\/02\/brigitterond.jpg 1593w\" sizes=\"auto, (max-width: 1020px) 100vw, 1020px\" \/><\/figure>\n<\/div><\/div>\n\n\n\n<div class=\"wp-block-column is-layout-flow wp-block-column-is-layout-flow\"><div class=\"wp-block-image\">\n<figure class=\"aligncenter size-large is-resized\"><img loading=\"lazy\" decoding=\"async\" width=\"1024\" height=\"1024\" src=\"https:\/\/agranata.corsica\/wp-content\/uploads\/2024\/11\/heleneportrait5carrond-1024x1024.jpg\" alt=\"\" class=\"wp-image-688\" style=\"width:268px;height:auto\" srcset=\"https:\/\/agranata.corsica\/wp-content\/uploads\/2024\/11\/heleneportrait5carrond-1024x1024.jpg 1024w, https:\/\/agranata.corsica\/wp-content\/uploads\/2024\/11\/heleneportrait5carrond-300x300.jpg 300w, https:\/\/agranata.corsica\/wp-content\/uploads\/2024\/11\/heleneportrait5carrond-150x150.jpg 150w, https:\/\/agranata.corsica\/wp-content\/uploads\/2024\/11\/heleneportrait5carrond-768x768.jpg 768w, https:\/\/agranata.corsica\/wp-content\/uploads\/2024\/11\/heleneportrait5carrond-1536x1536.jpg 1536w, https:\/\/agranata.corsica\/wp-content\/uploads\/2024\/11\/heleneportrait5carrond.jpg 1772w\" sizes=\"auto, (max-width: 1024px) 100vw, 1024px\" \/><\/figure>\n<\/div><\/div>\n<\/div>\n\n\n\n<div class=\"wp-block-columns is-layout-flex wp-container-core-columns-is-layout-28f84493 wp-block-columns-is-layout-flex\">\n<div class=\"wp-block-column is-layout-flow wp-block-column-is-layout-flow\">\n<p>Brigitte est peintre, dessinatrice et portraitiste ind\u00e9pendante. Elle vit et travaille \u00e0 Ajaccio.<\/p>\n\n\n\n<p>Brigitte h\u00e8 pittora, dissignatori \u00e8 rittratista. Campa \u00e8 travaglia in Aiacciu.<\/p>\n<\/div>\n\n\n\n<div class=\"wp-block-column is-layout-flow wp-block-column-is-layout-flow\">\n<p>Dessinatrice, peintre et graphiste ind\u00e9pendante, H\u00e9l\u00e8ne est \u00e9ditrice chez A Granata. Elle vit et travaille \u00e0 Bocognano.<\/p>\n\n\n\n<p>Dissignatori, pittora \u00e8 grafica, H\u00e9l\u00e8ne h\u00e8 editrici ind\u2019\u00e8 A Granata. Campa \u00e8 travaglia in Bucugnanu.<\/p>\n<\/div>\n<\/div>\n\n\n\n<div class=\"wp-block-columns is-layout-flex wp-container-core-columns-is-layout-28f84493 wp-block-columns-is-layout-flex\">\n<div class=\"wp-block-column is-layout-flow wp-block-column-is-layout-flow\"><\/div>\n\n\n\n<div class=\"wp-block-column is-layout-flow wp-block-column-is-layout-flow\"><\/div>\n<\/div>\n\n\n<div class=\"wp-block-image\">\n<figure class=\"aligncenter size-large is-resized\"><img loading=\"lazy\" decoding=\"async\" width=\"1024\" height=\"768\" src=\"https:\/\/agranata.corsica\/wp-content\/uploads\/2025\/12\/corselivreetlogo-1024x768.jpg\" alt=\"\" class=\"wp-image-852\" style=\"width:307px;height:auto\" srcset=\"https:\/\/agranata.corsica\/wp-content\/uploads\/2025\/12\/corselivreetlogo-1024x768.jpg 1024w, https:\/\/agranata.corsica\/wp-content\/uploads\/2025\/12\/corselivreetlogo-300x225.jpg 300w, https:\/\/agranata.corsica\/wp-content\/uploads\/2025\/12\/corselivreetlogo-768x576.jpg 768w, https:\/\/agranata.corsica\/wp-content\/uploads\/2025\/12\/corselivreetlogo-1536x1152.jpg 1536w, https:\/\/agranata.corsica\/wp-content\/uploads\/2025\/12\/corselivreetlogo-2048x1536.jpg 2048w\" sizes=\"auto, (max-width: 1024px) 100vw, 1024px\" \/><\/figure>\n<\/div>","protected":false},"excerpt":{"rendered":"<p>Avant, quand il n&rsquo;y avait pas la t\u00e9l\u00e9, le t\u00e9l\u00e9phone, l&rsquo;\u00e9lectricit\u00e9 et m\u00eame pas de livre, on se retrouvait \u00e0 la veill\u00e9e pour discuter et se raconter des histoires, souvent au coin du feu. Le feu c&rsquo;est un symbole fort, c&rsquo;est la lumi\u00e8re avant l&rsquo;installation de l&rsquo;\u00e9lectricit\u00e9 dans les maisons, [&hellip;]<\/p>\n","protected":false},"author":1,"featured_media":0,"parent":0,"menu_order":0,"comment_status":"closed","ping_status":"closed","template":"","meta":{"_themeisle_gutenberg_block_has_review":false,"footnotes":""},"class_list":["post-372","page","type-page","status-publish","hentry"],"_links":{"self":[{"href":"https:\/\/agranata.corsica\/index.php\/wp-json\/wp\/v2\/pages\/372","targetHints":{"allow":["GET"]}}],"collection":[{"href":"https:\/\/agranata.corsica\/index.php\/wp-json\/wp\/v2\/pages"}],"about":[{"href":"https:\/\/agranata.corsica\/index.php\/wp-json\/wp\/v2\/types\/page"}],"author":[{"embeddable":true,"href":"https:\/\/agranata.corsica\/index.php\/wp-json\/wp\/v2\/users\/1"}],"replies":[{"embeddable":true,"href":"https:\/\/agranata.corsica\/index.php\/wp-json\/wp\/v2\/comments?post=372"}],"version-history":[{"count":11,"href":"https:\/\/agranata.corsica\/index.php\/wp-json\/wp\/v2\/pages\/372\/revisions"}],"predecessor-version":[{"id":1112,"href":"https:\/\/agranata.corsica\/index.php\/wp-json\/wp\/v2\/pages\/372\/revisions\/1112"}],"wp:attachment":[{"href":"https:\/\/agranata.corsica\/index.php\/wp-json\/wp\/v2\/media?parent=372"}],"curies":[{"name":"wp","href":"https:\/\/api.w.org\/{rel}","templated":true}]}}