{"id":2,"date":"2022-05-20T11:14:41","date_gmt":"2022-05-20T09:14:41","guid":{"rendered":"http:\/\/finuchjekb.cluster027.hosting.ovh.net\/?page_id=2"},"modified":"2025-12-19T12:31:46","modified_gmt":"2025-12-19T11:31:46","slug":"page-d-exemple","status":"publish","type":"page","link":"https:\/\/agranata.corsica\/index.php\/page-d-exemple\/","title":{"rendered":"A Granata ?"},"content":{"rendered":"\n<div class=\"wp-block-columns is-layout-flex wp-container-core-columns-is-layout-28f84493 wp-block-columns-is-layout-flex\">\n<div class=\"wp-block-column is-layout-flow wp-block-column-is-layout-flow\">\n<div class=\"wp-block-columns is-layout-flex wp-container-core-columns-is-layout-28f84493 wp-block-columns-is-layout-flex\">\n<div class=\"wp-block-column is-layout-flow wp-block-column-is-layout-flow\">\n<p class=\"has-text-align-left\"><strong><mark style=\"background-color:rgba(0, 0, 0, 0)\" class=\"has-inline-color has-accent-color\">Ma in corsu si dici a melengrana !<\/mark> <\/strong><br><strong>I\u00e8 ma a granata, asista din\u00f2, h\u00e8 l\u2019arma ! <\/strong><br>H\u00e8 din\u00f2 un fruttu carcu \u00e0 graneddi\u2026 \u00c8 da maghju di u 2022, a Granata h\u00e8 una p\u00ecccula casa d\u2019edizioni p\u00e0 a ghjuvent\u00f9 indipendenti, impiantata \u00e0 mezu \u00e0 i muntagni \u00e8 i castagni.<\/p>\n\n\n\n<p class=\"has-text-align-left\"><strong><mark style=\"background-color:rgba(0, 0, 0, 0)\" class=\"has-inline-color has-accent-color\">Mais en corse on dit a melengrana ! <\/mark><\/strong><br><strong>Oui, mais a granata, \u00e7a existe aussi, c&rsquo;est l&rsquo;arme ! <\/strong><br>C&rsquo;est aussi un fruit charg\u00e9 de graines&#8230; Et depuis mai 2022, a Granata c&rsquo;est une petite maison d&rsquo;\u00e9dition jeunesse ind\u00e9pendante, implant\u00e9e au milieu des montagnes et des ch\u00e2taigniers<\/p>\n<\/div>\n\n\n\n<div class=\"wp-block-column is-layout-flow wp-block-column-is-layout-flow\">\n<figure class=\"wp-block-image size-large\"><img loading=\"lazy\" decoding=\"async\" width=\"1024\" height=\"1024\" src=\"https:\/\/agranata.corsica\/wp-content\/uploads\/2025\/12\/granatasurghjenti-1024x1024.jpg\" alt=\"\" class=\"wp-image-941\" srcset=\"https:\/\/agranata.corsica\/wp-content\/uploads\/2025\/12\/granatasurghjenti-1024x1024.jpg 1024w, https:\/\/agranata.corsica\/wp-content\/uploads\/2025\/12\/granatasurghjenti-300x300.jpg 300w, https:\/\/agranata.corsica\/wp-content\/uploads\/2025\/12\/granatasurghjenti-150x150.jpg 150w, https:\/\/agranata.corsica\/wp-content\/uploads\/2025\/12\/granatasurghjenti-768x768.jpg 768w, https:\/\/agranata.corsica\/wp-content\/uploads\/2025\/12\/granatasurghjenti-1536x1536.jpg 1536w, https:\/\/agranata.corsica\/wp-content\/uploads\/2025\/12\/granatasurghjenti.jpg 1772w\" sizes=\"auto, (max-width: 1024px) 100vw, 1024px\" \/><\/figure>\n<\/div>\n<\/div>\n<\/div>\n<\/div>\n\n\n\n<div class=\"wp-block-columns is-layout-flex wp-container-core-columns-is-layout-28f84493 wp-block-columns-is-layout-flex\">\n<div class=\"wp-block-column is-layout-flow wp-block-column-is-layout-flow\">\n<figure class=\"wp-block-image size-large\"><img loading=\"lazy\" decoding=\"async\" width=\"1024\" height=\"1020\" src=\"https:\/\/agranata.corsica\/wp-content\/uploads\/2025\/12\/lingui1-2-1024x1020.jpg\" alt=\"\" class=\"wp-image-1114\" srcset=\"https:\/\/agranata.corsica\/wp-content\/uploads\/2025\/12\/lingui1-2-1024x1020.jpg 1024w, https:\/\/agranata.corsica\/wp-content\/uploads\/2025\/12\/lingui1-2-300x300.jpg 300w, https:\/\/agranata.corsica\/wp-content\/uploads\/2025\/12\/lingui1-2-150x150.jpg 150w, https:\/\/agranata.corsica\/wp-content\/uploads\/2025\/12\/lingui1-2-768x765.jpg 768w, https:\/\/agranata.corsica\/wp-content\/uploads\/2025\/12\/lingui1-2-1536x1531.jpg 1536w, https:\/\/agranata.corsica\/wp-content\/uploads\/2025\/12\/lingui1-2-2048x2041.jpg 2048w\" sizes=\"auto, (max-width: 1024px) 100vw, 1024px\" \/><\/figure>\n<\/div>\n\n\n\n<div class=\"wp-block-column is-layout-flow wp-block-column-is-layout-flow\">\n<p><strong>Libri bislingui<\/strong><br>I lingui inveci di uppona si o di f\u00e0 si cuncurenza, si cumpl\u00e8tani \u00e8 si nutr\u00ecsciani. A traduzioni \u00f9n ripetta<br>a fola, h\u00e8 un\u2019antra manera di cunt\u00e0, c\u00f9 i so paroddi propii, i so infrasati sp\u00f9tichi \u00e8 a so visioni di u mondu.<br><br><strong>Des livres bilingues<\/strong><br>Les langues loin de s&rsquo;opposer ou de se concurrencer, se compl\u00e8tent et se nourrissent. La traduction ne r\u00e9p\u00e8te pas l&rsquo;histoire, elle est une autre fa\u00e7on de raconter, avec ses mots, ses tournures de phrases et sa vision du monde.<\/p>\n<\/div>\n<\/div>\n\n\n\n<p><strong>Jeunesse \/ P\u00e0 a ghjuvent\u00f9<\/strong><\/p>\n\n\n\n<p>(Page en construction)<\/p>\n\n\n\n<p class=\"has-text-align-center\">***<br><strong><mark style=\"background-color:rgba(0, 0, 0, 0)\" class=\"has-inline-color has-accent-color\">Si parla di a Granata&#8230;<\/mark><\/strong><\/p>\n\n\n\n<h1 class=\"wp-block-heading\">Riporti \/ Reportages<\/h1>\n\n\n\n<figure class=\"wp-block-video\"><video height=\"720\" style=\"aspect-ratio: 1280 \/ 720;\" width=\"1280\" controls src=\"https:\/\/agranata.corsica\/wp-content\/uploads\/2023\/01\/Inde-voi-Natale.-.mp4\"><\/video><\/figure>\n\n\n\n<p><\/p>\n\n\n\n<p class=\"has-text-align-center\">***<\/p>\n\n\n\n<h2 class=\"wp-block-heading\"><strong>Nant&rsquo;\u00e0 RCFM<\/strong><\/h2>\n\n\n\n<figure class=\"wp-block-image size-large\"><img loading=\"lazy\" decoding=\"async\" width=\"1024\" height=\"403\" src=\"https:\/\/agranata.corsica\/wp-content\/uploads\/2025\/05\/rcfm2-1024x403.jpg\" alt=\"\" class=\"wp-image-745\" srcset=\"https:\/\/agranata.corsica\/wp-content\/uploads\/2025\/05\/rcfm2-1024x403.jpg 1024w, https:\/\/agranata.corsica\/wp-content\/uploads\/2025\/05\/rcfm2-300x118.jpg 300w, https:\/\/agranata.corsica\/wp-content\/uploads\/2025\/05\/rcfm2-768x302.jpg 768w, https:\/\/agranata.corsica\/wp-content\/uploads\/2025\/05\/rcfm2-1536x604.jpg 1536w, https:\/\/agranata.corsica\/wp-content\/uploads\/2025\/05\/rcfm2-2048x806.jpg 2048w\" sizes=\"auto, (max-width: 1024px) 100vw, 1024px\" \/><\/figure>\n\n\n\n<figure class=\"wp-block-audio\"><audio controls src=\"https:\/\/agranata.corsica\/wp-content\/uploads\/2025\/05\/rcfmaostu2024-1.mp3\"><\/audio><\/figure>\n\n\n\n<p class=\"has-text-align-center\"><br>***<\/p>\n\n\n\n<h2 class=\"wp-block-heading\"><br>Stampa \/ Presse<\/h2>\n\n\n\n<figure class=\"wp-block-image size-large\"><img loading=\"lazy\" decoding=\"async\" width=\"1024\" height=\"659\" src=\"https:\/\/agranata.corsica\/wp-content\/uploads\/2022\/08\/Corsematin2aoutOK-1024x659.jpg\" alt=\"\" class=\"wp-image-120\" srcset=\"https:\/\/agranata.corsica\/wp-content\/uploads\/2022\/08\/Corsematin2aoutOK-1024x659.jpg 1024w, https:\/\/agranata.corsica\/wp-content\/uploads\/2022\/08\/Corsematin2aoutOK-300x193.jpg 300w, https:\/\/agranata.corsica\/wp-content\/uploads\/2022\/08\/Corsematin2aoutOK-768x495.jpg 768w, https:\/\/agranata.corsica\/wp-content\/uploads\/2022\/08\/Corsematin2aoutOK-1536x989.jpg 1536w, https:\/\/agranata.corsica\/wp-content\/uploads\/2022\/08\/Corsematin2aoutOK.jpg 1876w\" sizes=\"auto, (max-width: 1024px) 100vw, 1024px\" \/><\/figure>\n\n\n\n<p class=\"has-text-align-center\">Tutti i libri s\u00f2 <a href=\"https:\/\/agranata.corsica\/index.php\/i-libri\/\" data-type=\"page\" data-id=\"856\">qu\u00ec<\/a> \/ Tous les livres sont <a href=\"https:\/\/agranata.corsica\/index.php\/i-libri\/\" data-type=\"page\" data-id=\"856\">ici<\/a><\/p>\n\n\n<div class=\"wp-block-image\">\n<figure class=\"aligncenter size-large is-resized\"><img loading=\"lazy\" decoding=\"async\" width=\"1024\" height=\"768\" src=\"https:\/\/agranata.corsica\/wp-content\/uploads\/2025\/12\/corselivreetlogo-1024x768.jpg\" alt=\"\" class=\"wp-image-852\" style=\"width:283px;height:auto\" srcset=\"https:\/\/agranata.corsica\/wp-content\/uploads\/2025\/12\/corselivreetlogo-1024x768.jpg 1024w, https:\/\/agranata.corsica\/wp-content\/uploads\/2025\/12\/corselivreetlogo-300x225.jpg 300w, https:\/\/agranata.corsica\/wp-content\/uploads\/2025\/12\/corselivreetlogo-768x576.jpg 768w, https:\/\/agranata.corsica\/wp-content\/uploads\/2025\/12\/corselivreetlogo-1536x1152.jpg 1536w, https:\/\/agranata.corsica\/wp-content\/uploads\/2025\/12\/corselivreetlogo-2048x1536.jpg 2048w\" sizes=\"auto, (max-width: 1024px) 100vw, 1024px\" \/><\/figure>\n<\/div>","protected":false},"excerpt":{"rendered":"<p>Ma in corsu si dici a melengrana ! I\u00e8 ma a granata, asista din\u00f2, h\u00e8 l\u2019arma ! H\u00e8 din\u00f2 un fruttu carcu \u00e0 graneddi\u2026 \u00c8 da maghju di u 2022, a Granata h\u00e8 una p\u00ecccula casa d\u2019edizioni p\u00e0 a ghjuvent\u00f9 indipendenti, impiantata \u00e0 mezu \u00e0 i muntagni \u00e8 i castagni. [&hellip;]<\/p>\n","protected":false},"author":1,"featured_media":0,"parent":0,"menu_order":0,"comment_status":"closed","ping_status":"open","template":"","meta":{"_themeisle_gutenberg_block_has_review":false,"footnotes":""},"class_list":["post-2","page","type-page","status-publish","hentry"],"_links":{"self":[{"href":"https:\/\/agranata.corsica\/index.php\/wp-json\/wp\/v2\/pages\/2","targetHints":{"allow":["GET"]}}],"collection":[{"href":"https:\/\/agranata.corsica\/index.php\/wp-json\/wp\/v2\/pages"}],"about":[{"href":"https:\/\/agranata.corsica\/index.php\/wp-json\/wp\/v2\/types\/page"}],"author":[{"embeddable":true,"href":"https:\/\/agranata.corsica\/index.php\/wp-json\/wp\/v2\/users\/1"}],"replies":[{"embeddable":true,"href":"https:\/\/agranata.corsica\/index.php\/wp-json\/wp\/v2\/comments?post=2"}],"version-history":[{"count":41,"href":"https:\/\/agranata.corsica\/index.php\/wp-json\/wp\/v2\/pages\/2\/revisions"}],"predecessor-version":[{"id":1122,"href":"https:\/\/agranata.corsica\/index.php\/wp-json\/wp\/v2\/pages\/2\/revisions\/1122"}],"wp:attachment":[{"href":"https:\/\/agranata.corsica\/index.php\/wp-json\/wp\/v2\/media?parent=2"}],"curies":[{"name":"wp","href":"https:\/\/api.w.org\/{rel}","templated":true}]}}